{"id":487,"date":"2023-02-09T14:02:57","date_gmt":"2023-02-09T19:02:57","guid":{"rendered":"https:\/\/kooxichkool.com\/koox\/"},"modified":"2023-04-04T12:38:30","modified_gmt":"2023-04-04T17:38:30","slug":"koox","status":"publish","type":"page","link":"https:\/\/kooxichkool.com\/es\/","title":{"rendered":"Koox"},"content":{"rendered":"<section class=\"wpb-content-wrapper\"><p>[vc_row inner_container=\u00bbno\u00bb text_align=\u00bbcenter\u00bb column_gap=\u00bbno\u00bb padding_top=\u00bb0&#8243; padding_bottom=\u00bb0&#8243;][vc_column]\n\t\t\t<!-- START koox ES REVOLUTION SLIDER 6.6.7 --><p class=\"rs-p-wp-fix\"><\/p>\n\t\t\t<rs-module-wrap id=\"rev_slider_3_1_wrapper\" data-source=\"gallery\" style=\"visibility:hidden;background:transparent;padding:0;margin:0px auto;margin-top:0;margin-bottom:0;\">\n\t\t\t\t<rs-module id=\"rev_slider_3_1\" style=\"\" data-version=\"6.6.7\">\n\t\t\t\t\t<rs-slides style=\"overflow: hidden; position: absolute;\">\n\t\t\t\t\t\t<rs-slide style=\"position: absolute;\" data-key=\"rs-3\" data-title=\"Slide\" data-in=\"o:0;\" data-out=\"a:false;\">\n\t\t\t\t\t\t\t<img data-recalc-dims=\"1\" decoding=\"async\" src=\"https:\/\/i0.wp.com\/kooxichkool.com\/wp-content\/plugins\/revslider\/public\/assets\/assets\/dummy.png?w=1200\" alt=\"Slide\" title=\"Koox\" class=\"rev-slidebg tp-rs-img rs-lazyload\" data-lazyload=\"\/\/kooxichkool.com\/wp-content\/plugins\/revslider\/public\/assets\/assets\/transparent.png\" data-no-retina>\n<!--\t\t\t\t\t\t--><rs-zone id=\"rrzt_3\" class=\"rev_row_zone_top\" style=\"z-index: 0;\"><!--\n\n\t\t\t\t\t\t\t\t--><rs-row\n\t\t\t\t\t\t\t\t\tid=\"slider-3-slide-3-layer-5\" \n\t\t\t\t\t\t\t\t\tdata-type=\"row\"\n\t\t\t\t\t\t\t\t\tdata-xy=\"x:62px;y:232px;\"\n\t\t\t\t\t\t\t\t\tdata-rsp_bd=\"off\"\n\t\t\t\t\t\t\t\t\tdata-padding=\"t:10;r:10;b:10;l:10;\"\n\t\t\t\t\t\t\t\t\tdata-frame_0=\"o:1;\"\n\t\t\t\t\t\t\t\t\tdata-frame_999=\"o:0;st:w;sA:9000;\"\n\t\t\t\t\t\t\t\t\tstyle=\"z-index:8;\"\n\t\t\t\t\t\t\t\t><!--\n\t\t\t\t\t\t\t\t\t--><rs-column\n\t\t\t\t\t\t\t\t\t\tid=\"slider-3-slide-3-layer-6\" \n\t\t\t\t\t\t\t\t\t\tdata-type=\"column\"\n\t\t\t\t\t\t\t\t\t\tdata-xy=\"x:62px;y:232px;\"\n\t\t\t\t\t\t\t\t\t\tdata-rsp_bd=\"off\"\n\t\t\t\t\t\t\t\t\t\tdata-padding=\"t:10;r:10;b:10;l:10;\"\n\t\t\t\t\t\t\t\t\t\tdata-frame_0=\"o:1;\"\n\t\t\t\t\t\t\t\t\t\tdata-frame_999=\"o:0;st:w;sA:9000;\"\n\t\t\t\t\t\t\t\t\t\tstyle=\"z-index:9;width:100%;\"\n\t\t\t\t\t\t\t\t\t><!--\t\t\t\t\t\t\t\t\t--><\/rs-column><!--\n\n\t\t\t\t\t\t\t\t\t--><rs-column\n\t\t\t\t\t\t\t\t\t\tid=\"slider-3-slide-3-layer-7\" \n\t\t\t\t\t\t\t\t\t\tdata-type=\"column\"\n\t\t\t\t\t\t\t\t\t\tdata-xy=\"x:62px;y:232px;\"\n\t\t\t\t\t\t\t\t\t\tdata-rsp_bd=\"off\"\n\t\t\t\t\t\t\t\t\t\tdata-padding=\"t:10;r:10;b:10;l:10;\"\n\t\t\t\t\t\t\t\t\t\tdata-frame_0=\"o:1;\"\n\t\t\t\t\t\t\t\t\t\tdata-frame_999=\"o:0;st:w;sA:9000;\"\n\t\t\t\t\t\t\t\t\t\tstyle=\"z-index:10;width:100%;\"\n\t\t\t\t\t\t\t\t\t><!--\t\t\t\t\t\t\t\t\t--><\/rs-column><!--\n\n\t\t\t\t\t\t\t\t\t--><rs-column\n\t\t\t\t\t\t\t\t\t\tid=\"slider-3-slide-3-layer-8\" \n\t\t\t\t\t\t\t\t\t\tdata-type=\"column\"\n\t\t\t\t\t\t\t\t\t\tdata-xy=\"x:62px;y:232px;\"\n\t\t\t\t\t\t\t\t\t\tdata-rsp_bd=\"off\"\n\t\t\t\t\t\t\t\t\t\tdata-padding=\"t:10;r:10;b:10;l:10;\"\n\t\t\t\t\t\t\t\t\t\tdata-frame_0=\"o:1;\"\n\t\t\t\t\t\t\t\t\t\tdata-frame_999=\"o:0;st:w;sA:9000;\"\n\t\t\t\t\t\t\t\t\t\tstyle=\"z-index:11;width:100%;\"\n\t\t\t\t\t\t\t\t\t><!--\t\t\t\t\t\t\t\t\t--><\/rs-column><!--\n\t\t\t\t\t\t\t\t--><\/rs-row><!--\n\t\t\t\t\t\t\t--><\/rs-zone><!--\n\n\t\t\t\t\t\t\t--><rs-layer\n\t\t\t\t\t\t\t\tid=\"slider-3-slide-3-layer-0\" \n\t\t\t\t\t\t\t\tdata-type=\"image\"\n\t\t\t\t\t\t\t\tdata-rsp_ch=\"on\"\n\t\t\t\t\t\t\t\tdata-xy=\"x:-5px;y:-20px;\"\n\t\t\t\t\t\t\t\tdata-text=\"w:normal;\"\n\t\t\t\t\t\t\t\tdata-dim=\"w:1523px;h:952px;\"\n\t\t\t\t\t\t\t\tdata-frame_999=\"o:0;st:w;\"\n\t\t\t\t\t\t\t\tstyle=\"z-index:5;\"\n\t\t\t\t\t\t\t><img data-recalc-dims=\"1\" decoding=\"async\" src=\"https:\/\/i0.wp.com\/kooxichkool.com\/wp-content\/plugins\/revslider\/public\/assets\/assets\/dummy.png?resize=1200%2C750\" alt=\"\" class=\"tp-rs-img rs-lazyload\" width=\"1200\" height=\"750\" data-lazyload=\"\/\/kooxichkool.com\/wp-content\/uploads\/2023\/02\/koox-ich-kool-slide.jpg\" data-no-retina> \n\t\t\t\t\t\t\t<\/rs-layer><!--\n\n\t\t\t\t\t\t\t--><rs-layer\n\t\t\t\t\t\t\t\tid=\"slider-3-slide-3-layer-1\" \n\t\t\t\t\t\t\t\tdata-type=\"text\"\n\t\t\t\t\t\t\t\tdata-color=\"#ffffff\"\n\t\t\t\t\t\t\t\tdata-rsp_ch=\"on\"\n\t\t\t\t\t\t\t\tdata-xy=\"x:658px;y:230px;\"\n\t\t\t\t\t\t\t\tdata-text=\"w:normal;\"\n\t\t\t\t\t\t\t\tdata-frame_999=\"o:0;st:w;\"\n\t\t\t\t\t\t\t\tstyle=\"z-index:6;font-family:'Montserrat';\"\n\t\t\t\t\t\t\t>BIENVENIDO A \n\t\t\t\t\t\t\t<\/rs-layer><!--\n\n\t\t\t\t\t\t\t--><rs-layer\n\t\t\t\t\t\t\t\tid=\"slider-3-slide-3-layer-2\" \n\t\t\t\t\t\t\t\tdata-type=\"text\"\n\t\t\t\t\t\t\t\tdata-color=\"#ffffff\"\n\t\t\t\t\t\t\t\tdata-rsp_ch=\"on\"\n\t\t\t\t\t\t\t\tdata-xy=\"x:297px;y:327px;\"\n\t\t\t\t\t\t\t\tdata-text=\"w:normal;s:100;fw:500;\"\n\t\t\t\t\t\t\t\tdata-frame_999=\"o:0;st:w;\"\n\t\t\t\t\t\t\t\tstyle=\"z-index:6;font-family:'Montserrat';\"\n\t\t\t\t\t\t\t>KOOX ICH KOOL \n\t\t\t\t\t\t\t<\/rs-layer><!--\n\n\t\t\t\t\t\t\t--><a\n\t\t\t\t\t\t\t\tid=\"slider-3-slide-3-layer-3\" \n\t\t\t\t\t\t\t\tclass=\"rs-layer rev-btn\"\n\t\t\t\t\t\t\t\thref=\"https:\/\/farmtotablekik.eventbrite.com\" target=\"_blank\" rel=\"noopener\"\n\t\t\t\t\t\t\t\tdata-type=\"button\"\n\t\t\t\t\t\t\t\tdata-color=\"#ffffff\"\n\t\t\t\t\t\t\t\tdata-rsp_ch=\"on\"\n\t\t\t\t\t\t\t\tdata-xy=\"x:c;xo:24px;y:419px;\"\n\t\t\t\t\t\t\t\tdata-text=\"w:normal;s:23;l:40;fw:500;a:center;\"\n\t\t\t\t\t\t\t\tdata-dim=\"w:258px;h:44px;minh:0px;\"\n\t\t\t\t\t\t\t\tdata-padding=\"r:25;l:25;\"\n\t\t\t\t\t\t\t\tdata-border=\"bos:solid;boc:rgba(255,255,255,0.35);bow:1px,1px,1px,1px;bor:25px,25px,25px,25px;\"\n\t\t\t\t\t\t\t\tdata-frame_999=\"o:0;st:w;\"\n\t\t\t\t\t\t\t\tdata-frame_hover=\"bgc:rgba(0,0,0,0);boc:rgba(255,255,255,0.75);bor:25px,25px,25px,25px;bos:solid;bow:1px,1px,1px,1px;e:power1.inOut;\"\n\t\t\t\t\t\t\t\tstyle=\"z-index:7;background-color:rgba(0,0,0,0);font-family:'Roboto';\"\n\t\t\t\t\t\t\t>RESERVA AHORA \n\t\t\t\t\t\t\t<\/a><!--\n\n\t\t\t\t\t\t\t--><rs-layer\n\t\t\t\t\t\t\t\tid=\"slider-3-slide-3-layer-4\" \n\t\t\t\t\t\t\t\tclass=\"rev-scroll-btn rev-b-span-light\"\n\t\t\t\t\t\t\t\tdata-type=\"button\"\n\t\t\t\t\t\t\t\tdata-color=\"#ffffff\"\n\t\t\t\t\t\t\t\tdata-xy=\"x:725px;y:505px;\"\n\t\t\t\t\t\t\t\tdata-text=\"w:normal;s:17;l:20;ls:1;\"\n\t\t\t\t\t\t\t\tdata-dim=\"w:35px;h:55px;minw:35px;minh:55px;\"\n\t\t\t\t\t\t\t\tdata-rsp_o=\"off\"\n\t\t\t\t\t\t\t\tdata-rsp_bd=\"off\"\n\t\t\t\t\t\t\t\tdata-padding=\"t:22;r:14;b:22;l:14;\"\n\t\t\t\t\t\t\t\tdata-border=\"bos:solid;boc:rgba(255,255,255,0.75);bow:3px,3px,3px,3px;bor:23px,23px,23px,23px;\"\n\t\t\t\t\t\t\t\tdata-frame_999=\"o:0;st:w;\"\n\t\t\t\t\t\t\t\tstyle=\"z-index:13;font-family:'Roboto';text-transform:uppercase;\"\n\t\t\t\t\t\t\t><span><\/span><span><\/span><span><\/span> \n\t\t\t\t\t\t\t<\/rs-layer><!--\n\n\t\t\t\t\t\t\t--><rs-layer\n\t\t\t\t\t\t\t\tid=\"slider-3-slide-3-layer-9\" \n\t\t\t\t\t\t\t\tdata-type=\"object\"\n\t\t\t\t\t\t\t\tdata-rsp_ch=\"on\"\n\t\t\t\t\t\t\t\tdata-xy=\"x:62px;y:232px;\"\n\t\t\t\t\t\t\t\tdata-text=\"w:normal;\"\n\t\t\t\t\t\t\t\tdata-frame_999=\"o:0;st:w;\"\n\t\t\t\t\t\t\t\tstyle=\"z-index:12;font-family:'Roboto';\"\n\t\t\t\t\t\t\t> \n\t\t\t\t\t\t\t<\/rs-layer><!--\n-->\t\t\t\t\t\t<\/rs-slide>\n\t\t\t\t\t<\/rs-slides>\n\t\t\t\t<\/rs-module>\n\t\t\t\t<script>\n\t\t\t\t\tsetREVStartSize({c: 'rev_slider_3_1',rl:[1240,1024,778,480],el:[900],gw:[1440],gh:[900],type:'standard',justify:'',layout:'fullwidth',mh:\"0\"});if (window.RS_MODULES!==undefined && window.RS_MODULES.modules!==undefined && window.RS_MODULES.modules[\"revslider31\"]!==undefined) {window.RS_MODULES.modules[\"revslider31\"].once = false;window.revapi3 = undefined;if (window.RS_MODULES.checkMinimal!==undefined) window.RS_MODULES.checkMinimal()}\n\t\t\t\t<\/script>\n\t\t\t<\/rs-module-wrap>\n\t\t\t<!-- END REVOLUTION SLIDER -->\n[\/vc_column][\/vc_row][vc_row inner_container=\u00bbno\u00bb text_align=\u00bbcenter\u00bb column_gap=\u00bbno\u00bb padding_top=\u00bb0&#8243; padding_bottom=\u00bb0&#8243;][vc_column][vc_single_image image=\u00bb430&#8243; img_size=\u00bbfull\u00bb alignment=\u00bbcenter\u00bb full_width=\u00bbyes\u00bb][\/vc_column][\/vc_row][vc_row inner_container=\u00bbno\u00bb text_align=\u00bbcenter\u00bb column_gap=\u00bbno\u00bb padding_top=\u00bb0&#8243; padding_bottom=\u00bb0&#8243;][vc_column width=\u00bb1\/6&#8243;][\/vc_column][vc_column width=\u00bb2\/3&#8243;][vc_column_text]<\/p>\n<h2 class=\"p1\" style=\"text-align: center;\"><span class=\"s1\">Una experiencia gastron\u00f3mica \u00fanica en el coraz\u00f3n de la selva de Puerto Morelos, con una fusi\u00f3n de la cocina tradicional maya y los elementos del chef con influencias modernas.<\/span><\/h2>\n<p>[\/vc_column_text]<div  class=\"kleo-gap\" style=\"height:20px;line-height:20px;\"><\/div>[\/vc_column][vc_column width=\u00bb1\/6&#8243;][\/vc_column][\/vc_row][vc_row gap=\u00bb10&#8243; padding_top=\u00bb0&#8243; padding_bottom=\u00bb0&#8243;][vc_column width=\u00bb1\/2&#8243;][vc_column_text]<\/p>\n<h4><span class=\"s1\">Ofrecemos un men\u00fa de la granja a la mesa con productos frescos e ingredientes de nuestra granja, presentando una variedad de carnes, mariscos y verduras cocinadas en una cocina abierta con horno de le\u00f1a y parrilla.<\/span><\/h4>\n<p>&nbsp;<\/p>\n<h4 class=\"p1\" style=\"text-align: left;\"><span class=\"s1\">El bar de c\u00f3cteles utiliza frutas frescas y hierbas, todo se hace en el sitio.<\/span><\/h4>\n<p>&nbsp;<\/p>\n<h4 class=\"p1\" style=\"text-align: left;\"><span class=\"s1\">Ideal para aquellos con un lado gastron\u00f3mico aventurero. Caminar\u00e1s por la selva, te sentar\u00e1s a la mesa y cenar\u00e1s. \u00a1Una experiencia gastron\u00f3mica que te acompa\u00f1ar\u00e1 para siempre!<\/span><\/h4>\n<p>[\/vc_column_text][\/vc_column][vc_column width=\u00bb1\/2&#8243;][vc_gallery images=\u00bb461,455,456,453,463&#8243; thumbs_over_img=\u00bbyes\u00bb][vc_btn title=\u00bbVER GALER\u00cdA\u00bb style=\u00bbclassic\u00bb shape=\u00bbround\u00bb color=\u00bbwhite\u00bb align=\u00bbcenter\u00bb link=\u00bburl:https%3A%2F%2Fkooxichkool.com%2Fgallery%2F|title:Gallery\u00bb][\/vc_column][\/vc_row][vc_row inner_container=\u00bbno\u00bb text_align=\u00bbcenter\u00bb column_gap=\u00bbno\u00bb padding_top=\u00bb0&#8243; padding_bottom=\u00bb0&#8243;][vc_column]<div  class=\"kleo-gap\" style=\"height:20px;line-height:20px;\"><\/div>\n\t\t\t<!-- START Koox2 ES REVOLUTION SLIDER 6.6.7 --><p class=\"rs-p-wp-fix\"><\/p>\n\t\t\t<rs-module-wrap id=\"rev_slider_4_2_wrapper\" data-source=\"gallery\" style=\"visibility:hidden;background:transparent;padding:0;margin:0px auto;margin-top:0;margin-bottom:0;\">\n\t\t\t\t<rs-module id=\"rev_slider_4_2\" style=\"\" data-version=\"6.6.7\">\n\t\t\t\t\t<rs-slides style=\"overflow: hidden; position: absolute;\">\n\t\t\t\t\t\t<rs-slide style=\"position: absolute;\" data-key=\"rs-4\" data-title=\"Slide\" data-in=\"o:0;\" data-out=\"a:false;\">\n\t\t\t\t\t\t\t<img data-recalc-dims=\"1\" decoding=\"async\" src=\"https:\/\/i0.wp.com\/kooxichkool.com\/wp-content\/plugins\/revslider\/public\/assets\/assets\/dummy.png?w=1200\" alt=\"Slide\" title=\"Koox\" class=\"rev-slidebg tp-rs-img rs-lazyload\" data-lazyload=\"\/\/kooxichkool.com\/wp-content\/plugins\/revslider\/public\/assets\/assets\/transparent.png\" data-no-retina>\n<!--\n\t\t\t\t\t\t\t--><rs-layer\n\t\t\t\t\t\t\t\tid=\"slider-4-slide-4-layer-0\" \n\t\t\t\t\t\t\t\tdata-type=\"image\"\n\t\t\t\t\t\t\t\tdata-rsp_ch=\"on\"\n\t\t\t\t\t\t\t\tdata-xy=\"x:-11px;y:-2px;\"\n\t\t\t\t\t\t\t\tdata-text=\"w:normal;\"\n\t\t\t\t\t\t\t\tdata-dim=\"w:1453px;h:594px;\"\n\t\t\t\t\t\t\t\tdata-frame_999=\"o:0;st:w;\"\n\t\t\t\t\t\t\t\tstyle=\"z-index:5;\"\n\t\t\t\t\t\t\t><img data-recalc-dims=\"1\" decoding=\"async\" src=\"https:\/\/i0.wp.com\/kooxichkool.com\/wp-content\/plugins\/revslider\/public\/assets\/assets\/dummy.png?resize=1200%2C491\" alt=\"\" class=\"tp-rs-img rs-lazyload\" width=\"1200\" height=\"491\" data-lazyload=\"\/\/kooxichkool.com\/wp-content\/uploads\/2023\/02\/koox-ich-kool-slide-2.jpg\" data-no-retina> \n\t\t\t\t\t\t\t<\/rs-layer><!--\n\n\t\t\t\t\t\t\t--><rs-layer\n\t\t\t\t\t\t\t\tid=\"slider-4-slide-4-layer-1\" \n\t\t\t\t\t\t\t\tdata-type=\"text\"\n\t\t\t\t\t\t\t\tdata-color=\"#ffffff\"\n\t\t\t\t\t\t\t\tdata-rsp_ch=\"on\"\n\t\t\t\t\t\t\t\tdata-xy=\"x:139px;y:151px;\"\n\t\t\t\t\t\t\t\tdata-text=\"w:normal;s:50;a:center;\"\n\t\t\t\t\t\t\t\tdata-frame_999=\"o:0;st:w;\"\n\t\t\t\t\t\t\t\tstyle=\"z-index:6;font-family:'Montserrat';\"\n\t\t\t\t\t\t\t>Tour en el coraz\u00f3n <br \/>\n<br \/>\n de la selva maya \n\t\t\t\t\t\t\t<\/rs-layer><!--\n\n\t\t\t\t\t\t\t--><rs-layer\n\t\t\t\t\t\t\t\tid=\"slider-4-slide-4-layer-2\" \n\t\t\t\t\t\t\t\tdata-type=\"text\"\n\t\t\t\t\t\t\t\tdata-color=\"#ffffff\"\n\t\t\t\t\t\t\t\tdata-rsp_ch=\"on\"\n\t\t\t\t\t\t\t\tdata-xy=\"x:811px;y:149px;\"\n\t\t\t\t\t\t\t\tdata-text=\"w:normal;\"\n\t\t\t\t\t\t\t\tdata-dim=\"w:532px;\"\n\t\t\t\t\t\t\t\tdata-frame_999=\"o:0;st:w;\"\n\t\t\t\t\t\t\t\tstyle=\"z-index:7;font-family:'Montserrat';\"\n\t\t\t\t\t\t\t>Este tour se lleva a cabo en una hermosa y m\u00e1gica parcela privada en el coraz\u00f3n de la selva maya. Esta zona alberga una gran biodiversidad y esta excursi\u00f3n es una manera fant\u00e1stica de experimentarla y encontrar una gran cantidad de vida silvestre \n\t\t\t\t\t\t\t<\/rs-layer><!--\n\n\t\t\t\t\t\t\t--><a\n\t\t\t\t\t\t\t\tid=\"slider-4-slide-4-layer-3\" \n\t\t\t\t\t\t\t\tclass=\"rs-layer rev-btn\"\n\t\t\t\t\t\t\t\thref=\"https:\/\/farmtotablekik.eventbrite.com\" target=\"_blank\" rel=\"noopener\"\n\t\t\t\t\t\t\t\tdata-type=\"button\"\n\t\t\t\t\t\t\t\tdata-color=\"#ffffff\"\n\t\t\t\t\t\t\t\tdata-rsp_ch=\"on\"\n\t\t\t\t\t\t\t\tdata-xy=\"x:313px;y:351px;\"\n\t\t\t\t\t\t\t\tdata-text=\"w:normal;l:50;fw:500;\"\n\t\t\t\t\t\t\t\tdata-dim=\"minh:0px;\"\n\t\t\t\t\t\t\t\tdata-padding=\"r:20;l:20;\"\n\t\t\t\t\t\t\t\tdata-border=\"bor:25px,25px,25px,25px;\"\n\t\t\t\t\t\t\t\tdata-frame_999=\"o:0;st:w;\"\n\t\t\t\t\t\t\t\tdata-frame_hover=\"c:#000;bgc:#fff;bor:25px,25px,25px,25px;sp:200;e:power1.inOut;\"\n\t\t\t\t\t\t\t\tstyle=\"z-index:8;background-color:#565656;font-family:'Roboto';\"\n\t\t\t\t\t\t\t>RESERVA AHORA \n\t\t\t\t\t\t\t<\/a><!--\n\n\t\t\t\t\t\t\t--><rs-layer\n\t\t\t\t\t\t\t\tid=\"slider-4-slide-4-layer-4\" \n\t\t\t\t\t\t\t\tclass=\"rev-btn\"\n\t\t\t\t\t\t\t\tdata-type=\"button\"\n\t\t\t\t\t\t\t\tdata-color=\"#ffffff\"\n\t\t\t\t\t\t\t\tdata-rsp_ch=\"on\"\n\t\t\t\t\t\t\t\tdata-xy=\"x:993px;y:349px;\"\n\t\t\t\t\t\t\t\tdata-text=\"w:normal;l:50;fw:500;\"\n\t\t\t\t\t\t\t\tdata-dim=\"minh:0px;\"\n\t\t\t\t\t\t\t\tdata-padding=\"r:20;l:20;\"\n\t\t\t\t\t\t\t\tdata-border=\"bor:25px,25px,25px,25px;\"\n\t\t\t\t\t\t\t\tdata-frame_999=\"o:0;st:w;\"\n\t\t\t\t\t\t\t\tdata-frame_hover=\"c:#000;bgc:#fff;bor:25px,25px,25px,25px;sp:200;e:power1.inOut;\"\n\t\t\t\t\t\t\t\tstyle=\"z-index:9;background-color:rgba(0,0,0,1);font-family:'Roboto';\"\n\t\t\t\t\t\t\t>LEER M\u00c1S \n\t\t\t\t\t\t\t<\/rs-layer><!--\n-->\t\t\t\t\t\t<\/rs-slide>\n\t\t\t\t\t<\/rs-slides>\n\t\t\t\t<\/rs-module>\n\t\t\t\t<script>\n\t\t\t\t\tsetREVStartSize({c: 'rev_slider_4_2',rl:[1240,1024,778,480],el:[589],gw:[1440],gh:[589],type:'standard',justify:'',layout:'fullwidth',mh:\"0\"});if (window.RS_MODULES!==undefined && window.RS_MODULES.modules!==undefined && window.RS_MODULES.modules[\"revslider42\"]!==undefined) {window.RS_MODULES.modules[\"revslider42\"].once = false;window.revapi4 = undefined;if (window.RS_MODULES.checkMinimal!==undefined) window.RS_MODULES.checkMinimal()}\n\t\t\t\t<\/script>\n\t\t\t<\/rs-module-wrap>\n\t\t\t<!-- END REVOLUTION SLIDER -->\n[\/vc_column][\/vc_row][vc_row text_align=\u00bbcenter\u00bb type=\u00bbcolor\u00bb bg_color=\u00bb#e4e4e4&#8243; column_gap=\u00bbno\u00bb padding_top=\u00bb0&#8243; padding_bottom=\u00bb0&#8243;][vc_column]<div  class=\"kleo-gap\" style=\"height:60px;line-height:60px;\"><\/div>[vc_custom_heading text=\u00bbDESTACADOS DEL TOUR\u00bb font_container=\u00bbtag:h4|font_size:35|text_align:center|color:%235b5b5b\u00bb google_fonts=\u00bbfont_family:Montserrat%3Aregular%2C700|font_style:400%20regular%3A400%3Anormal\u00bb]<div  class=\"kleo-gap\" style=\"height:20px;line-height:20px;\"><\/div>[\/vc_column][\/vc_row][vc_row text_align=\u00bbcenter\u00bb type=\u00bbcolor\u00bb bg_color=\u00bb#e4e4e4&#8243; column_gap=\u00bbno\u00bb padding_top=\u00bb0&#8243; padding_bottom=\u00bb0&#8243; padding_left=\u00bb50&#8243; padding_right=\u00bb50&#8243;][vc_column width=\u00bb1\/2&#8243;]<div  class=\"kleo-gap\" style=\"height:20px;line-height:20px;\"><\/div>[vc_single_image image=\u00bb432&#8243; img_size=\u00bb122&#215;106&#8243; alignment=\u00bbcenter\u00bb][vc_custom_heading text=\u00bbCaminando en el coraz\u00f3n<br \/>\nde la selva maya\u00bb font_container=\u00bbtag:h2|font_size:30|text_align:center|color:%23005d7e\u00bb google_fonts=\u00bbfont_family:Montserrat%3Aregular%2C700|font_style:400%20regular%3A400%3Anormal\u00bb][vc_single_image image=\u00bb433&#8243; img_size=\u00bb122&#215;106&#8243; alignment=\u00bbcenter\u00bb][vc_custom_heading text=\u00bbAprender acerca de<br \/>\nla vida silvestre local\u00bb font_container=\u00bbtag:h2|font_size:30|text_align:center|color:%23005d7e\u00bb google_fonts=\u00bbfont_family:Montserrat%3Aregular%2C700|font_style:400%20regular%3A400%3Anormal\u00bb][vc_single_image image=\u00bb434&#8243; img_size=\u00bb122&#215;106&#8243; alignment=\u00bbcenter\u00bb][vc_custom_heading text=\u00bbAprenda sobre las propiedades<br \/>\nmedicinales\u00bb font_container=\u00bbtag:h2|font_size:30|text_align:center|color:%23005d7e\u00bb google_fonts=\u00bbfont_family:Montserrat%3Aregular%2C700|font_style:400%20regular%3A400%3Anormal\u00bb][vc_custom_heading text=\u00bbde las hierbas y \u00e1rboles mayas\u00bb font_container=\u00bbtag:h3|font_size:20|text_align:center|color:%233f3f3f\u00bb google_fonts=\u00bbfont_family:Montserrat%3Aregular%2C700|font_style:400%20regular%3A400%3Anormal\u00bb][\/vc_column][vc_column width=\u00bb1\/2&#8243;]<div  class=\"kleo-gap\" style=\"height:20px;line-height:20px;\"><\/div>[vc_single_image image=\u00bb435&#8243; img_size=\u00bb122&#215;106&#8243; alignment=\u00bbcenter\u00bb][vc_custom_heading text=\u00bbNade en nuestra piscina\u00bb font_container=\u00bbtag:h2|font_size:30|text_align:center|color:%23005d7e\u00bb google_fonts=\u00bbfont_family:Montserrat%3Aregular%2C700|font_style:400%20regular%3A400%3Anormal\u00bb][vc_custom_heading text=\u00bbllena de agua de cenote disfrutando del aire fresco mientras adora la belleza de nuestra naturaleza local con una calidad terap\u00e9utica sorprendente.\u00bb font_container=\u00bbtag:h3|font_size:20|text_align:center|color:%233f3f3f\u00bb google_fonts=\u00bbfont_family:Montserrat%3Aregular%2C700|font_style:400%20regular%3A400%3Anormal\u00bb][vc_single_image image=\u00bb436&#8243; img_size=\u00bb122&#215;106&#8243; alignment=\u00bbcenter\u00bb][vc_custom_heading text=\u00bbDisfrute una velada de cultura<br \/>\ny gastronom\u00eda como ninguna otra\u00bb font_container=\u00bbtag:h2|font_size:30|text_align:center|color:%23005d7e\u00bb google_fonts=\u00bbfont_family:Montserrat%3Aregular%2C700|font_style:400%20regular%3A400%3Anormal\u00bb][vc_custom_heading text=\u00bblike no other\u00bb font_container=\u00bbtag:h3|font_size:20|text_align:center|color:%233f3f3f\u00bb google_fonts=\u00bbfont_family:Montserrat%3Aregular%2C700|font_style:400%20regular%3A400%3Anormal\u00bb][\/vc_column][\/vc_row][vc_row inner_container=\u00bbno\u00bb text_align=\u00bbcenter\u00bb type=\u00bbcolor\u00bb bg_color=\u00bb#e4e4e4&#8243; column_gap=\u00bbno\u00bb padding_top=\u00bb0&#8243; padding_bottom=\u00bb0&#8243;][vc_column]<div  class=\"kleo-gap\" style=\"height:30px;line-height:30px;\"><\/div>[vc_custom_heading text=\u00bbDuraci\u00f3n del tour: 7 horas\u00bb font_container=\u00bbtag:h2|font_size:30|text_align:center|color:%23005d7e\u00bb google_fonts=\u00bbfont_family:Montserrat%3Aregular%2C700|font_style:400%20regular%3A400%3Anormal\u00bb][vc_single_image image=\u00bb437&#8243; img_size=\u00bbfull\u00bb alignment=\u00bbcenter\u00bb full_width=\u00bbyes\u00bb][\/vc_column][\/vc_row][vc_row][vc_column]<div  class=\"kleo-gap\" style=\"height:30px;line-height:30px;\"><\/div>[vc_single_image image=\u00bb438&#8243; img_size=\u00bbmedium\u00bb alignment=\u00bbcenter\u00bb][\/vc_column][\/vc_row][vc_row][vc_column width=\u00bb1\/3&#8243;]<div  class=\"kleo-gap\" style=\"height:30px;line-height:30px;\"><\/div>[vc_single_image image=\u00bb469&#8243; img_size=\u00bbfull\u00bb alignment=\u00bbcenter\u00bb onclick=\u00bblink_image\u00bb][\/vc_column][vc_column width=\u00bb1\/3&#8243;]<div  class=\"kleo-gap\" style=\"height:30px;line-height:30px;\"><\/div>[vc_single_image image=\u00bb470&#8243; img_size=\u00bbfull\u00bb alignment=\u00bbcenter\u00bb onclick=\u00bblink_image\u00bb][\/vc_column][vc_column width=\u00bb1\/3&#8243;]<div  class=\"kleo-gap\" style=\"height:30px;line-height:30px;\"><\/div>[vc_single_image image=\u00bb471&#8243; img_size=\u00bbfull\u00bb alignment=\u00bbcenter\u00bb onclick=\u00bblink_image\u00bb][\/vc_column][\/vc_row][vc_row][vc_column][vc_btn title=\u00bbLEER M\u00c1S\u00bb style=\u00bbclassic\u00bb shape=\u00bbround\u00bb color=\u00bbblack\u00bb align=\u00bbcenter\u00bb link=\u00bburl:https%3A%2F%2Fkooxichkool.com%2Fmenu%2F|title:Menu\u00bb][\/vc_column][\/vc_row][vc_row inner_container=\u00bbno\u00bb][vc_column][vc_separator color=\u00bbblack\u00bb][\/vc_column][\/vc_row][vc_row][vc_column width=\u00bb1\/3&#8243;]<div  class=\"kleo-gap\" style=\"height:20px;line-height:20px;\"><\/div>[vc_single_image image=\u00bb442&#8243; img_size=\u00bbfull\u00bb alignment=\u00bbcenter\u00bb onclick=\u00bblink_image\u00bb][\/vc_column][vc_column width=\u00bb1\/3&#8243;]<div  class=\"kleo-gap\" style=\"height:100px;line-height:100px;\"><\/div>[vc_custom_heading text=\u00bbVIS\u00cdTANOS\u00bb font_container=\u00bbtag:h4|font_size:35|text_align:center|color:%235b5b5b\u00bb google_fonts=\u00bbfont_family:Montserrat%3Aregular%2C700|font_style:400%20regular%3A400%3Anormal\u00bb][vc_row_inner][vc_column_inner width=\u00bb1\/4&#8243;][vc_icon icon_fontawesome=\u00bbfas fa-map-marker-alt\u00bb color=\u00bbblack\u00bb size=\u00bbxs\u00bb align=\u00bbright\u00bb][\/vc_column_inner][vc_column_inner width=\u00bb3\/4&#8243;][vc_column_text]<\/p>\n<h6 class=\"p1\" style=\"text-align: left;\">Quintana Roo Puerto Morelos\u00a0 Leona Vicario, Ruta de Los Cenotes, 77580 Puerto Morelos, Q.R.<\/h6>\n<p>[\/vc_column_text][\/vc_column_inner][\/vc_row_inner][vc_row_inner][vc_column_inner width=\u00bb1\/4&#8243;][vc_icon icon_fontawesome=\u00bbfas fa-phone-alt\u00bb color=\u00bbblack\u00bb size=\u00bbxs\u00bb align=\u00bbright\u00bb][\/vc_column_inner][vc_column_inner width=\u00bb3\/4&#8243;][vc_column_text]<\/p>\n<div class=\"page\" title=\"Page 3\">\n<div class=\"section\">\n<div class=\"layoutArea\">\n<div class=\"column\">\n<h5><a href=\"tel:5535199040\">55 3519 9040<\/a><\/h5>\n<\/div>\n<\/div>\n<\/div>\n<\/div>\n<p>[\/vc_column_text][\/vc_column_inner][\/vc_row_inner][\/vc_column][vc_column width=\u00bb1\/3&#8243;]<div  class=\"kleo-gap\" style=\"height:20px;line-height:20px;\"><\/div>[vc_gmaps link=\u00bb#E-8_JTNDaWZyYW1lJTIwc3JjJTNEJTIyaHR0cHMlM0ElMkYlMkZ3d3cuZ29vZ2xlLmNvbSUyRm1hcHMlMkZlbWJlZCUzRnBiJTNEJTIxMW0xOCUyMTFtMTIlMjExbTMlMjExZDM3MjcuNjE4NDU5OTI2MDQ4JTIxMmQtODcuMDkwNjc5Mjg1MzY0NDklMjEzZDIwLjg4NzQyMzM5Nzk2NDkwNiUyMTJtMyUyMTFmMCUyMTJmMCUyMTNmMCUyMTNtMiUyMTFpMTAyNCUyMTJpNzY4JTIxNGYxMy4xJTIxM20zJTIxMW0yJTIxMXMweDhmNGU1ZDY0M2VhNmU5YjklMjUzQTB4MzlhMGVlZDQ3M2E0NmMxNyUyMTJzS29veCUyNTIwSWNoJTI1MjBLb29sJTIxNWUwJTIxM20yJTIxMXNlcy00MTklMjEyc214JTIxNHYxNjc2MDQwMzY4NTU0JTIxNW0yJTIxMXNlcy00MTklMjEyc214JTIyJTIwd2lkdGglM0QlMjI2MDAlMjIlMjBoZWlnaHQlM0QlMjI0NTAlMjIlMjBzdHlsZSUzRCUyMmJvcmRlciUzQTAlM0IlMjIlMjBhbGxvd2Z1bGxzY3JlZW4lM0QlMjIlMjIlMjBsb2FkaW5nJTNEJTIybGF6eSUyMiUyMHJlZmVycmVycG9saWN5JTNEJTIybm8tcmVmZXJyZXItd2hlbi1kb3duZ3JhZGUlMjIlM0UlM0MlMkZpZnJhbWUlM0U=\u00bb][\/vc_column][\/vc_row]<\/p>\n<\/section>","protected":false},"excerpt":{"rendered":"<p>[vc_row inner_container=\u00bbno\u00bb text_align=\u00bbcenter\u00bb column_gap=\u00bbno\u00bb padding_top=\u00bb0&#8243; padding_bottom=\u00bb0&#8243;][vc_column][\/vc_column][\/vc_row][vc_row inner_container=\u00bbno\u00bb text_align=\u00bbcenter\u00bb column_gap=\u00bbno\u00bb padding_top=\u00bb0&#8243; padding_bottom=\u00bb0&#8243;][vc_column][vc_single_image image=\u00bb430&#8243; img_size=\u00bbfull\u00bb alignment=\u00bbcenter\u00bb full_width=\u00bbyes\u00bb][\/vc_column][\/vc_row][vc_row inner_container=\u00bbno\u00bb text_align=\u00bbcenter\u00bb column_gap=\u00bbno\u00bb padding_top=\u00bb0&#8243; padding_bottom=\u00bb0&#8243;][vc_column width=\u00bb1\/6&#8243;][\/vc_column][vc_column width=\u00bb2\/3&#8243;][vc_column_text] Una experiencia gastron\u00f3mica \u00fanica en el coraz\u00f3n de la selva de Puerto Morelos, con una fusi\u00f3n de la cocina tradicional maya y los elementos del chef con influencias modernas. [\/vc_column_text][\/vc_column][vc_column width=\u00bb1\/6&#8243;][\/vc_column][\/vc_row][vc_row gap=\u00bb10&#8243; padding_top=\u00bb0&#8243; padding_bottom=\u00bb0&#8243;][vc_column width=\u00bb1\/2&#8243;][vc_column_text] Ofrecemos un men\u00fa [&hellip;]<\/p>\n","protected":false},"author":231005169,"featured_media":0,"parent":0,"menu_order":0,"comment_status":"closed","ping_status":"closed","template":"page-templates\/full-width-no-container.php","meta":{"_crdt_document":"","advanced_seo_description":"","jetpack_seo_html_title":"","jetpack_seo_noindex":false,"footnotes":""},"class_list":["post-487","page","type-page","status-publish","hentry"],"jetpack_likes_enabled":true,"jetpack_sharing_enabled":true,"jetpack_shortlink":"https:\/\/wp.me\/PdY4ff-7R","jetpack-related-posts":[],"_links":{"self":[{"href":"https:\/\/kooxichkool.com\/es\/wp-json\/wp\/v2\/pages\/487","targetHints":{"allow":["GET"]}}],"collection":[{"href":"https:\/\/kooxichkool.com\/es\/wp-json\/wp\/v2\/pages"}],"about":[{"href":"https:\/\/kooxichkool.com\/es\/wp-json\/wp\/v2\/types\/page"}],"author":[{"embeddable":true,"href":"https:\/\/kooxichkool.com\/es\/wp-json\/wp\/v2\/users\/231005169"}],"replies":[{"embeddable":true,"href":"https:\/\/kooxichkool.com\/es\/wp-json\/wp\/v2\/comments?post=487"}],"version-history":[{"count":17,"href":"https:\/\/kooxichkool.com\/es\/wp-json\/wp\/v2\/pages\/487\/revisions"}],"predecessor-version":[{"id":555,"href":"https:\/\/kooxichkool.com\/es\/wp-json\/wp\/v2\/pages\/487\/revisions\/555"}],"wp:attachment":[{"href":"https:\/\/kooxichkool.com\/es\/wp-json\/wp\/v2\/media?parent=487"}],"curies":[{"name":"wp","href":"https:\/\/api.w.org\/{rel}","templated":true}]}}