{"id":525,"date":"2023-02-16T11:38:01","date_gmt":"2023-02-16T16:38:01","guid":{"rendered":"https:\/\/kooxichkool.com\/a-gastronomical-experience\/"},"modified":"2023-03-28T10:08:26","modified_gmt":"2023-03-28T15:08:26","slug":"una-experiencia-gastronomica","status":"publish","type":"page","link":"https:\/\/kooxichkool.com\/es\/una-experiencia-gastronomica\/","title":{"rendered":"Una experiencia gastron\u00f3mica"},"content":{"rendered":"<section class=\"wpb-content-wrapper\"><p>[vc_row text_align=\u00bbcenter\u00bb type=\u00bbimage\u00bb padding_left=\u00bb0&#8243; padding_right=\u00bb0&#8243;][vc_column width=\u00bb2\/3&#8243;][vc_custom_heading text=\u00bbUna experiencia gastron\u00f3mica<br \/>\nen el coraz\u00f3n<br \/>\ndel caribe mexicano!\u00bb font_container=\u00bbtag:h2|font_size:30|text_align:center|color:%234a6d7c|line_height:1.5&#8243; use_theme_fonts=\u00bbyes\u00bb][vc_column_text font_size=\u00bb17&#8243; line_height=\u00bb40&#8243; responsive_font=\u00bbyes\u00bb]<\/p>\n<div class=\"page\" title=\"Page 1\">\n<div class=\"section\">\n<div class=\"layoutArea\">\n<div class=\"column\">\n<p><span style=\"font-weight: 400;\">Bienvenido a Koox Ich Kool, donde ofrecemos una experiencia gastron\u00f3mica \u00fanica de la granja a la mesa en las impresionantes selvas de la Ruta de Cenotes de Puerto Morelos. Nos enorgullece compartir la generosidad de nuestra tierra y las historias de nuestra gente, cuyas ricas tradiciones se reflejan en cada plato que servimos.<\/span><\/p>\n<p><span style=\"font-weight: 400;\">Nuestro c\u00e1lido y amable personal brinda un servicio excepcional, asegur\u00e1ndose de que todos los hu\u00e9spedes sean recibidos con una sonrisa de bienvenida. Sum\u00e9rjase en el coraz\u00f3n de la jungla maya y nuestros jardines, y disfrute de una experiencia gastron\u00f3mica verdaderamente relajante rodeado de la belleza de la naturaleza y nuestra hermosa piscina alimentada por un cenote.<\/span><\/p>\n<p><span style=\"font-weight: 400;\">En Koox Ich Kool, creemos que las mejores comidas se preparan con los ingredientes locales m\u00e1s frescos, directamente de nuestros jardines. La chef Karla selecciona cuidadosamente solo los ingredientes de la m\u00e1s alta calidad para elaborar cada plato, creando una verdadera experiencia de la granja a la mesa que es deliciosa y sostenible.<\/span><\/p>\n<p><span style=\"font-weight: 400;\">Acomp\u00e1\u00f1anos en una aventura culinaria como ninguna otra, donde saborear\u00e1s los sabores de la Riviera Maya conect\u00e1ndote con la tierra y su gente. Ven a experimentar la relajaci\u00f3n pura y la belleza de la naturaleza mientras disfrutas de una comida inolvidable como ninguna otra.<\/span><\/div>\n<\/div>\n<\/div>\n<\/div>\n<p>[\/vc_column_text][vc_btn title=\u00bbBOOK NOW\u00bb shape=\u00bbround\u00bb color=\u00bbblack\u00bb link=\u00bburl:https%3A%2F%2Fwww.eventbrite.com%2Fe%2Ffarm-to-table-experience-koox-ich-kool-tickets-427957902607|target:_blank\u00bb][\/vc_column][vc_column width=\u00bb1\/3&#8243;]<div  class=\"kleo-gap\" style=\"height:15px;line-height:15px;\"><\/div>[vc_single_image image=\u00bb447&#8243; img_size=\u00bbfull\u00bb alignment=\u00bbcenter\u00bb full_width=\u00bbyes\u00bb][\/vc_column][\/vc_row][vc_row text_align=\u00bbcenter\u00bb type=\u00bbimage\u00bb padding_left=\u00bb0&#8243; padding_right=\u00bb0&#8243;][vc_column]<div  class=\"kleo-gap\" style=\"height:15px;line-height:15px;\"><\/div>[vc_separator][\/vc_column][\/vc_row][vc_row text_align=\u00bbcenter\u00bb type=\u00bbimage\u00bb padding_left=\u00bb0&#8243; padding_right=\u00bb0&#8243;][vc_column width=\u00bb1\/2&#8243;]<div  class=\"kleo-gap\" style=\"height:15px;line-height:15px;\"><\/div>[vc_single_image image=\u00bb448&#8243; img_size=\u00bbfull\u00bb alignment=\u00bbcenter\u00bb full_width=\u00bbyes\u00bb][\/vc_column][vc_column width=\u00bb1\/2&#8243;][vc_custom_heading text=\u00bbCena Org\u00e1nica\u00bb font_container=\u00bbtag:h2|font_size:30|text_align:center|color:%234a6d7c|line_height:1.5&#8243; use_theme_fonts=\u00bbyes\u00bb][vc_column_text font_size=\u00bb17&#8243; line_height=\u00bb40&#8243; responsive_font=\u00bbyes\u00bb]<\/p>\n<div class=\"page\" title=\"Page 1\">\n<div class=\"section\">\n<div class=\"layoutArea\">\n<div class=\"column\">\n<p>Disfrutar\u00e1s de una cena de seis platos.<br \/>\ncon la pesca fresca del d\u00eda<br \/>\ny sabores inigualables que son<br \/>\ncultivado en nuestros propios jardines.<\/p>\n<p>Nuestras tortillas hechas a mano y reci\u00e9n hechas<br \/>\nlos panes horneados se cocinan en locales<br \/>\nle\u00f1a que proporciona un sabor \u00fanico.<\/div>\n<\/div>\n<\/div>\n<\/div>\n<p>[\/vc_column_text][\/vc_column][\/vc_row][vc_row text_align=\u00bbcenter\u00bb type=\u00bbimage\u00bb padding_left=\u00bb0&#8243; padding_right=\u00bb0&#8243;][vc_column]<div  class=\"kleo-gap\" style=\"height:15px;line-height:15px;\"><\/div>[\/vc_column][\/vc_row][vc_row text_align=\u00bbcenter\u00bb type=\u00bbimage\u00bb bg_gradient=\u00bbyes\u00bb enable_parallax=\u00bbfalse\u00bb padding_left=\u00bb0&#8243; padding_right=\u00bb0&#8243; bg_image=\u00bb189&#8243;][vc_column]<div  class=\"kleo-gap\" style=\"height:200px;line-height:200px;\"><\/div>[\/vc_column][\/vc_row][vc_row text_align=\u00bbcenter\u00bb type=\u00bbimage\u00bb padding_left=\u00bb0&#8243; padding_right=\u00bb0&#8243;][vc_column][vc_separator][vc_custom_heading text=\u00bbNo puedo olvidarme de la incre\u00edble comida.\u00bb font_container=\u00bbtag:h2|font_size:30|text_align:center|color:%234a6d7c|line_height:1.5&#8243; use_theme_fonts=\u00bbyes\u00bb]<div  class=\"kleo-gap\" style=\"height:15px;line-height:15px;\"><\/div>[vc_column_text font_size=\u00bb17&#8243; line_height=\u00bb40&#8243; responsive_font=\u00bbyes\u00bb]<\/p>\n<div class=\"page\" title=\"Page 1\">\n<div class=\"section\">\n<div class=\"layoutArea\">\n<div class=\"column\">\n<div class=\"page\" title=\"Page 3\">\n<div class=\"section\">\n<div class=\"layoutArea\">\n<div class=\"column\">\n<p style=\"text-align: center;\">Su comida se combina con una selecci\u00f3n de vinos y licores locales. Todo resultando en una experiencia gastron\u00f3mica \u00fanica que usted y su familia siempre recordar\u00e1n. Las experiencias se sirven los martes, s\u00e1bados y domingos de 12:00 a 18:30 horas.<\/p>\n<\/div>\n<\/div>\n<\/div>\n<\/div>\n<\/div>\n<\/div>\n<\/div>\n<\/div>\n<p>[\/vc_column_text][vc_row_inner][vc_column_inner width=\u00bb1\/2&#8243;][vc_single_image image=\u00bb449&#8243; img_size=\u00bb842&#215;1022&#8243; alignment=\u00bbcenter\u00bb full_width=\u00bbyes\u00bb][\/vc_column_inner][vc_column_inner width=\u00bb1\/2&#8243;][vc_single_image image=\u00bb450&#8243; img_size=\u00bbfull\u00bb alignment=\u00bbcenter\u00bb full_width=\u00bbyes\u00bb][\/vc_column_inner][\/vc_row_inner][\/vc_column][\/vc_row]<\/p>\n<\/section>","protected":false},"excerpt":{"rendered":"<p>[vc_row text_align=\u00bbcenter\u00bb type=\u00bbimage\u00bb padding_left=\u00bb0&#8243; padding_right=\u00bb0&#8243;][vc_column width=\u00bb2\/3&#8243;][vc_custom_heading text=\u00bbUna experiencia gastron\u00f3mica en el coraz\u00f3n del caribe mexicano!\u00bb font_container=\u00bbtag:h2|font_size:30|text_align:center|color:%234a6d7c|line_height:1.5&#8243; use_theme_fonts=\u00bbyes\u00bb][vc_column_text font_size=\u00bb17&#8243; line_height=\u00bb40&#8243; responsive_font=\u00bbyes\u00bb] Bienvenido a Koox Ich Kool, donde ofrecemos una experiencia gastron\u00f3mica \u00fanica de la granja a la mesa en las impresionantes selvas de la Ruta de Cenotes de Puerto Morelos. Nos enorgullece compartir la generosidad de nuestra tierra y las historias [&hellip;]<\/p>\n","protected":false},"author":231005169,"featured_media":0,"parent":0,"menu_order":0,"comment_status":"closed","ping_status":"closed","template":"","meta":{"_crdt_document":"","advanced_seo_description":"","jetpack_seo_html_title":"","jetpack_seo_noindex":false,"footnotes":""},"class_list":["post-525","page","type-page","status-publish","hentry"],"jetpack_likes_enabled":true,"jetpack_sharing_enabled":true,"jetpack_shortlink":"https:\/\/wp.me\/PdY4ff-8t","jetpack-related-posts":[],"_links":{"self":[{"href":"https:\/\/kooxichkool.com\/es\/wp-json\/wp\/v2\/pages\/525","targetHints":{"allow":["GET"]}}],"collection":[{"href":"https:\/\/kooxichkool.com\/es\/wp-json\/wp\/v2\/pages"}],"about":[{"href":"https:\/\/kooxichkool.com\/es\/wp-json\/wp\/v2\/types\/page"}],"author":[{"embeddable":true,"href":"https:\/\/kooxichkool.com\/es\/wp-json\/wp\/v2\/users\/231005169"}],"replies":[{"embeddable":true,"href":"https:\/\/kooxichkool.com\/es\/wp-json\/wp\/v2\/comments?post=525"}],"version-history":[{"count":6,"href":"https:\/\/kooxichkool.com\/es\/wp-json\/wp\/v2\/pages\/525\/revisions"}],"predecessor-version":[{"id":539,"href":"https:\/\/kooxichkool.com\/es\/wp-json\/wp\/v2\/pages\/525\/revisions\/539"}],"wp:attachment":[{"href":"https:\/\/kooxichkool.com\/es\/wp-json\/wp\/v2\/media?parent=525"}],"curies":[{"name":"wp","href":"https:\/\/api.w.org\/{rel}","templated":true}]}}